{"id":1210,"date":"2021-01-10T10:55:00","date_gmt":"2021-01-10T10:55:00","guid":{"rendered":"http:\/\/frellstedt86.mediadesign-group.de\/?page_id=1210"},"modified":"2022-07-04T14:09:46","modified_gmt":"2022-07-04T14:09:46","slug":"michi-prospect","status":"publish","type":"page","link":"https:\/\/frellstedt86.mediadesign-group.de\/?page_id=1210","title":{"rendered":"Michi"},"content":{"rendered":"\n<p> <strong>Eigenbau, technische Details<\/strong><\/p>\n\n\n\n<ul class=\"wp-block-list\"><li>Thunderbike Gabelcover<\/li><li>Thunderbike Gabelbr\u00fccke 300mm<\/li><li>Heck Eigenbau<\/li><li>Boumans Heckfender<\/li><li>Bremsleitungen, Tachowelle Stahlflex<\/li><li>V2 Koni Sto\u00dfd\u00e4mpfer 280mm<\/li><li>19 Liter Gfk Tank<\/li><li>Kellerm\u00e4nner Lenkerendenblinker<\/li><li>200er Hinterreifen<\/li><\/ul>\n\n\n\n<figure class=\"wp-block-image size-large\"><img loading=\"lazy\" decoding=\"async\" width=\"1024\" height=\"1024\" src=\"http:\/\/frellstedt86.mediadesign-group.de\/wp-content\/uploads\/2021\/01\/Michi_Motorrad_1-1024x1024.jpg\" alt=\"\" class=\"wp-image-1241\" srcset=\"https:\/\/frellstedt86.mediadesign-group.de\/wp-content\/uploads\/2021\/01\/Michi_Motorrad_1-1024x1024.jpg 1024w, https:\/\/frellstedt86.mediadesign-group.de\/wp-content\/uploads\/2021\/01\/Michi_Motorrad_1-300x300.jpg 300w, https:\/\/frellstedt86.mediadesign-group.de\/wp-content\/uploads\/2021\/01\/Michi_Motorrad_1-150x150.jpg 150w, https:\/\/frellstedt86.mediadesign-group.de\/wp-content\/uploads\/2021\/01\/Michi_Motorrad_1-768x768.jpg 768w, https:\/\/frellstedt86.mediadesign-group.de\/wp-content\/uploads\/2021\/01\/Michi_Motorrad_1-1536x1536.jpg 1536w, https:\/\/frellstedt86.mediadesign-group.de\/wp-content\/uploads\/2021\/01\/Michi_Motorrad_1-1200x1200.jpg 1200w, https:\/\/frellstedt86.mediadesign-group.de\/wp-content\/uploads\/2021\/01\/Michi_Motorrad_1.jpg 1600w\" sizes=\"auto, (max-width: 709px) 85vw, (max-width: 909px) 67vw, (max-width: 1362px) 62vw, 840px\" \/><\/figure>\n\n\n\n<p><\/p>\n\n\n\n<figure class=\"wp-block-image size-large is-resized\"><img loading=\"lazy\" decoding=\"async\" src=\"http:\/\/frellstedt86.mediadesign-group.de\/wp-content\/uploads\/2021\/01\/Michi_Motorrad_2-1024x768.jpg\" alt=\"\" class=\"wp-image-1242\" width=\"630\" height=\"472\" srcset=\"https:\/\/frellstedt86.mediadesign-group.de\/wp-content\/uploads\/2021\/01\/Michi_Motorrad_2-1024x768.jpg 1024w, https:\/\/frellstedt86.mediadesign-group.de\/wp-content\/uploads\/2021\/01\/Michi_Motorrad_2-300x225.jpg 300w, https:\/\/frellstedt86.mediadesign-group.de\/wp-content\/uploads\/2021\/01\/Michi_Motorrad_2-768x576.jpg 768w, https:\/\/frellstedt86.mediadesign-group.de\/wp-content\/uploads\/2021\/01\/Michi_Motorrad_2-1536x1152.jpg 1536w, https:\/\/frellstedt86.mediadesign-group.de\/wp-content\/uploads\/2021\/01\/Michi_Motorrad_2-1200x900.jpg 1200w, https:\/\/frellstedt86.mediadesign-group.de\/wp-content\/uploads\/2021\/01\/Michi_Motorrad_2.jpg 1600w\" sizes=\"auto, (max-width: 630px) 85vw, 630px\" \/><\/figure>\n\n\n\n<p><\/p>\n\n\n\n<figure class=\"wp-block-image size-large is-resized\"><img loading=\"lazy\" decoding=\"async\" src=\"http:\/\/frellstedt86.mediadesign-group.de\/wp-content\/uploads\/2021\/01\/Michi_Motorrad_3-1024x768.jpg\" alt=\"\" class=\"wp-image-1243\" width=\"630\" height=\"472\" srcset=\"https:\/\/frellstedt86.mediadesign-group.de\/wp-content\/uploads\/2021\/01\/Michi_Motorrad_3-1024x768.jpg 1024w, https:\/\/frellstedt86.mediadesign-group.de\/wp-content\/uploads\/2021\/01\/Michi_Motorrad_3-300x225.jpg 300w, https:\/\/frellstedt86.mediadesign-group.de\/wp-content\/uploads\/2021\/01\/Michi_Motorrad_3-768x576.jpg 768w, https:\/\/frellstedt86.mediadesign-group.de\/wp-content\/uploads\/2021\/01\/Michi_Motorrad_3-1536x1152.jpg 1536w, https:\/\/frellstedt86.mediadesign-group.de\/wp-content\/uploads\/2021\/01\/Michi_Motorrad_3-1200x900.jpg 1200w, https:\/\/frellstedt86.mediadesign-group.de\/wp-content\/uploads\/2021\/01\/Michi_Motorrad_3.jpg 1600w\" sizes=\"auto, (max-width: 630px) 85vw, 630px\" \/><\/figure>\n\n\n\n<p><\/p>\n\n\n\n<figure class=\"wp-block-image size-large\"><img loading=\"lazy\" decoding=\"async\" width=\"1024\" height=\"768\" src=\"http:\/\/frellstedt86.mediadesign-group.de\/wp-content\/uploads\/2021\/01\/Michi_Motorrad_4-1024x768.jpg\" alt=\"\" class=\"wp-image-1244\" srcset=\"https:\/\/frellstedt86.mediadesign-group.de\/wp-content\/uploads\/2021\/01\/Michi_Motorrad_4-1024x768.jpg 1024w, https:\/\/frellstedt86.mediadesign-group.de\/wp-content\/uploads\/2021\/01\/Michi_Motorrad_4-300x225.jpg 300w, https:\/\/frellstedt86.mediadesign-group.de\/wp-content\/uploads\/2021\/01\/Michi_Motorrad_4-768x576.jpg 768w, https:\/\/frellstedt86.mediadesign-group.de\/wp-content\/uploads\/2021\/01\/Michi_Motorrad_4-1536x1152.jpg 1536w, https:\/\/frellstedt86.mediadesign-group.de\/wp-content\/uploads\/2021\/01\/Michi_Motorrad_4-1200x900.jpg 1200w, https:\/\/frellstedt86.mediadesign-group.de\/wp-content\/uploads\/2021\/01\/Michi_Motorrad_4.jpg 1600w\" sizes=\"auto, (max-width: 709px) 85vw, (max-width: 909px) 67vw, (max-width: 1362px) 62vw, 840px\" \/><\/figure>\n\n\n\n<p><\/p>\n\n\n\n<figure class=\"wp-block-image size-large\"><img loading=\"lazy\" decoding=\"async\" width=\"1024\" height=\"768\" src=\"http:\/\/frellstedt86.mediadesign-group.de\/wp-content\/uploads\/2021\/01\/Michi_Motorrad_5-1024x768.jpg\" alt=\"\" class=\"wp-image-1245\" srcset=\"https:\/\/frellstedt86.mediadesign-group.de\/wp-content\/uploads\/2021\/01\/Michi_Motorrad_5-1024x768.jpg 1024w, https:\/\/frellstedt86.mediadesign-group.de\/wp-content\/uploads\/2021\/01\/Michi_Motorrad_5-300x225.jpg 300w, https:\/\/frellstedt86.mediadesign-group.de\/wp-content\/uploads\/2021\/01\/Michi_Motorrad_5-768x576.jpg 768w, https:\/\/frellstedt86.mediadesign-group.de\/wp-content\/uploads\/2021\/01\/Michi_Motorrad_5-1536x1152.jpg 1536w, https:\/\/frellstedt86.mediadesign-group.de\/wp-content\/uploads\/2021\/01\/Michi_Motorrad_5-1200x900.jpg 1200w, https:\/\/frellstedt86.mediadesign-group.de\/wp-content\/uploads\/2021\/01\/Michi_Motorrad_5.jpg 1600w\" sizes=\"auto, (max-width: 709px) 85vw, (max-width: 909px) 67vw, (max-width: 1362px) 62vw, 840px\" \/><\/figure>\n","protected":false},"excerpt":{"rendered":"<p>Eigenbau, technische Details Thunderbike Gabelcover Thunderbike Gabelbr\u00fccke 300mm Heck Eigenbau Boumans Heckfender Bremsleitungen, Tachowelle Stahlflex V2 Koni Sto\u00dfd\u00e4mpfer 280mm 19 Liter Gfk Tank Kellerm\u00e4nner Lenkerendenblinker 200er Hinterreifen<\/p>\n","protected":false},"author":3,"featured_media":0,"parent":0,"menu_order":0,"comment_status":"closed","ping_status":"closed","template":"","meta":{"footnotes":""},"class_list":["post-1210","page","type-page","status-publish","hentry"],"_links":{"self":[{"href":"https:\/\/frellstedt86.mediadesign-group.de\/index.php?rest_route=\/wp\/v2\/pages\/1210","targetHints":{"allow":["GET"]}}],"collection":[{"href":"https:\/\/frellstedt86.mediadesign-group.de\/index.php?rest_route=\/wp\/v2\/pages"}],"about":[{"href":"https:\/\/frellstedt86.mediadesign-group.de\/index.php?rest_route=\/wp\/v2\/types\/page"}],"author":[{"embeddable":true,"href":"https:\/\/frellstedt86.mediadesign-group.de\/index.php?rest_route=\/wp\/v2\/users\/3"}],"replies":[{"embeddable":true,"href":"https:\/\/frellstedt86.mediadesign-group.de\/index.php?rest_route=%2Fwp%2Fv2%2Fcomments&post=1210"}],"version-history":[{"count":5,"href":"https:\/\/frellstedt86.mediadesign-group.de\/index.php?rest_route=\/wp\/v2\/pages\/1210\/revisions"}],"predecessor-version":[{"id":3704,"href":"https:\/\/frellstedt86.mediadesign-group.de\/index.php?rest_route=\/wp\/v2\/pages\/1210\/revisions\/3704"}],"wp:attachment":[{"href":"https:\/\/frellstedt86.mediadesign-group.de\/index.php?rest_route=%2Fwp%2Fv2%2Fmedia&parent=1210"}],"curies":[{"name":"wp","href":"https:\/\/api.w.org\/{rel}","templated":true}]}}