{"id":85,"date":"2016-02-02T17:10:35","date_gmt":"2016-02-02T17:10:35","guid":{"rendered":"http:\/\/frellstedt86.mediadesign-group.de\/?page_id=85"},"modified":"2021-02-15T21:13:27","modified_gmt":"2021-02-15T21:13:27","slug":"michel","status":"publish","type":"page","link":"https:\/\/frellstedt86.mediadesign-group.de\/?page_id=85","title":{"rendered":"Michel"},"content":{"rendered":"<p><strong>Nr. 1: Honda CB 750 KZ, Bj. 1980, technische Details:<\/strong><\/p>\n\n\n<p><\/p>\n\n\n\n<ul class=\"wp-block-list\"><li>Eckert Motor 1100ccm<\/li><li>Dymo Liftfilterkasten<\/li><li>Gimbel Alu Tank<\/li><li>Egli H\u00f6cker<\/li><li>Gimbel zur\u00fcck verlegte Fu\u00dfrasten<\/li><li>Gabelstabi<\/li><li>Superbike Lenker<\/li><li>R\u00e4der und Bremsanlage Honda VF 1000R<\/li><li>Neta 4in1<\/li><li>Koni Federbeine<\/li><li>und vieles mehr&#8230;<\/li><\/ul>\n\n\n\n<figure class=\"wp-block-image size-large is-resized\"><img loading=\"lazy\" decoding=\"async\" src=\"http:\/\/frellstedt86.mediadesign-group.de\/wp-content\/uploads\/2021\/02\/Michel_Motorrad_1_1.jpg\" alt=\"\" class=\"wp-image-1308\" width=\"703\" height=\"937\" srcset=\"https:\/\/frellstedt86.mediadesign-group.de\/wp-content\/uploads\/2021\/02\/Michel_Motorrad_1_1.jpg 768w, https:\/\/frellstedt86.mediadesign-group.de\/wp-content\/uploads\/2021\/02\/Michel_Motorrad_1_1-225x300.jpg 225w\" sizes=\"auto, (max-width: 703px) 85vw, 703px\" \/><\/figure>\n\n\n\n<p><\/p>\n\n\n\n<figure class=\"wp-block-image size-large\"><img loading=\"lazy\" decoding=\"async\" width=\"768\" height=\"1024\" src=\"http:\/\/frellstedt86.mediadesign-group.de\/wp-content\/uploads\/2021\/02\/Michel_Motorrad_1_2.jpg\" alt=\"\" class=\"wp-image-1309\" srcset=\"https:\/\/frellstedt86.mediadesign-group.de\/wp-content\/uploads\/2021\/02\/Michel_Motorrad_1_2.jpg 768w, https:\/\/frellstedt86.mediadesign-group.de\/wp-content\/uploads\/2021\/02\/Michel_Motorrad_1_2-225x300.jpg 225w\" sizes=\"auto, (max-width: 768px) 85vw, 768px\" \/><\/figure>\n\n\n\n<p><strong>Nr. 2: Yamaha XJR 1200, Bj. 1995 ( Fast original )<\/strong><\/p>\n\n\n\n<figure class=\"wp-block-image size-large\"><img loading=\"lazy\" decoding=\"async\" width=\"768\" height=\"1024\" src=\"http:\/\/frellstedt86.mediadesign-group.de\/wp-content\/uploads\/2021\/02\/Michel_Motorrad_2_1.jpg\" alt=\"\" class=\"wp-image-1310\" srcset=\"https:\/\/frellstedt86.mediadesign-group.de\/wp-content\/uploads\/2021\/02\/Michel_Motorrad_2_1.jpg 768w, https:\/\/frellstedt86.mediadesign-group.de\/wp-content\/uploads\/2021\/02\/Michel_Motorrad_2_1-225x300.jpg 225w\" sizes=\"auto, (max-width: 768px) 85vw, 768px\" \/><\/figure>\n\n\n\n<p><strong>Nr. 3: Harley Davidson (J\u00fcrgen), Dyna Wide Glide, Bj. 1997, technische Details:<\/strong><\/p>\n\n\n\n<ul class=\"wp-block-list\"><li>Auspuff MCJ<\/li><li>Luftfilter Big Sucker<\/li><li>Vorverlegte Fu\u00dfrastenanlage<\/li><li>Lottermann Heckumbau Big Ass<\/li><li>240er Hinterrad mit breiter Schwinge<\/li><li>Lenker CCI<\/li><li>Seitlicher Kennzeichenhalter Made by Atze<\/li><li>und vieles mehr&#8230;<\/li><\/ul>\n\n\n\n<figure class=\"wp-block-image size-large\"><img loading=\"lazy\" decoding=\"async\" width=\"768\" height=\"1024\" src=\"http:\/\/frellstedt86.mediadesign-group.de\/wp-content\/uploads\/2021\/02\/Michel_Motorrad_3_1.jpg\" alt=\"\" class=\"wp-image-1311\" srcset=\"https:\/\/frellstedt86.mediadesign-group.de\/wp-content\/uploads\/2021\/02\/Michel_Motorrad_3_1.jpg 768w, https:\/\/frellstedt86.mediadesign-group.de\/wp-content\/uploads\/2021\/02\/Michel_Motorrad_3_1-225x300.jpg 225w\" sizes=\"auto, (max-width: 768px) 85vw, 768px\" \/><\/figure>\n","protected":false},"excerpt":{"rendered":"<p>Nr. 1: Honda CB 750 KZ, Bj. 1980, technische Details: Eckert Motor 1100ccm Dymo Liftfilterkasten Gimbel Alu Tank Egli H\u00f6cker Gimbel zur\u00fcck verlegte Fu\u00dfrasten Gabelstabi Superbike Lenker R\u00e4der und Bremsanlage Honda VF 1000R Neta 4in1 Koni Federbeine und vieles mehr&#8230; Nr. 2: Yamaha XJR 1200, Bj. 1995 ( Fast original ) Nr. 3: Harley Davidson &hellip; <a href=\"https:\/\/frellstedt86.mediadesign-group.de\/?page_id=85\" class=\"more-link\"><span class=\"screen-reader-text\">\u201eMichel\u201c <\/span>weiterlesen<\/a><\/p>\n","protected":false},"author":1,"featured_media":0,"parent":5,"menu_order":0,"comment_status":"closed","ping_status":"closed","template":"","meta":{"footnotes":""},"class_list":["post-85","page","type-page","status-publish","hentry"],"_links":{"self":[{"href":"https:\/\/frellstedt86.mediadesign-group.de\/index.php?rest_route=\/wp\/v2\/pages\/85","targetHints":{"allow":["GET"]}}],"collection":[{"href":"https:\/\/frellstedt86.mediadesign-group.de\/index.php?rest_route=\/wp\/v2\/pages"}],"about":[{"href":"https:\/\/frellstedt86.mediadesign-group.de\/index.php?rest_route=\/wp\/v2\/types\/page"}],"author":[{"embeddable":true,"href":"https:\/\/frellstedt86.mediadesign-group.de\/index.php?rest_route=\/wp\/v2\/users\/1"}],"replies":[{"embeddable":true,"href":"https:\/\/frellstedt86.mediadesign-group.de\/index.php?rest_route=%2Fwp%2Fv2%2Fcomments&post=85"}],"version-history":[{"count":6,"href":"https:\/\/frellstedt86.mediadesign-group.de\/index.php?rest_route=\/wp\/v2\/pages\/85\/revisions"}],"predecessor-version":[{"id":1312,"href":"https:\/\/frellstedt86.mediadesign-group.de\/index.php?rest_route=\/wp\/v2\/pages\/85\/revisions\/1312"}],"up":[{"embeddable":true,"href":"https:\/\/frellstedt86.mediadesign-group.de\/index.php?rest_route=\/wp\/v2\/pages\/5"}],"wp:attachment":[{"href":"https:\/\/frellstedt86.mediadesign-group.de\/index.php?rest_route=%2Fwp%2Fv2%2Fmedia&parent=85"}],"curies":[{"name":"wp","href":"https:\/\/api.w.org\/{rel}","templated":true}]}}